{"id":14495,"date":"2020-08-28T11:27:19","date_gmt":"2020-08-28T11:27:19","guid":{"rendered":"http:\/\/demo.qodeinteractive.com\/bridge3\/?page_id=14495"},"modified":"2026-03-30T11:27:45","modified_gmt":"2026-03-30T11:27:45","slug":"services","status":"publish","type":"page","link":"https:\/\/di-mineral.de\/","title":{"rendered":"Deutsche Industrie Mineral GmbH"},"content":{"rendered":"<div class=\"wpb-content-wrapper\"><p>[vc_row row_type=&#8220;row&#8220; use_row_as_full_screen_section=&#8220;no&#8220; type=&#8220;full_width&#8220; angled_section=&#8220;no&#8220; text_align=&#8220;left&#8220; background_image_as_pattern=&#8220;without_pattern&#8220;][vc_column width=&#8220;1\/4&#8243; el_id=&#8220;home&#8220;][\/vc_column][vc_column width=&#8220;3\/4&#8243;][vc_column_text]<img loading=\"lazy\" decoding=\"async\" class=\"alignnone size-medium wp-image-16317\" src=\"https:\/\/di-mineral.de\/wp-content\/uploads\/2021\/03\/Logo-snip1-300x139.png\" alt=\"\" width=\"300\" height=\"139\" srcset=\"https:\/\/di-mineral.de\/wp-content\/uploads\/2021\/03\/Logo-snip1-300x139.png 300w, https:\/\/di-mineral.de\/wp-content\/uploads\/2021\/03\/Logo-snip1-1024x475.png 1024w, https:\/\/di-mineral.de\/wp-content\/uploads\/2021\/03\/Logo-snip1-768x357.png 768w, https:\/\/di-mineral.de\/wp-content\/uploads\/2021\/03\/Logo-snip1-1536x713.png 1536w, https:\/\/di-mineral.de\/wp-content\/uploads\/2021\/03\/Logo-snip1-700x325.png 700w, https:\/\/di-mineral.de\/wp-content\/uploads\/2021\/03\/Logo-snip1.png 1753w\" sizes=\"(max-width: 300px) 100vw, 300px\" \/>[\/vc_column_text][\/vc_column][\/vc_row][vc_row row_type=&#8220;row&#8220; use_row_as_full_screen_section=&#8220;no&#8220; type=&#8220;full_width&#8220; angled_section=&#8220;no&#8220; text_align=&#8220;left&#8220; background_image_as_pattern=&#8220;without_pattern&#8220;][vc_column width=&#8220;1\/4&#8243;][vc_column_text]<\/p>\n<h2 style=\"text-align: center;\">Das bieten wir<\/h2>\n<p>[\/vc_column_text][vc_separator type=&#8220;small&#8220; position=&#8220;center&#8220; up=&#8220;20&#8243; down=&#8220;20&#8243;][\/vc_column][vc_column width=&#8220;3\/4&#8243;][vc_column_text]<\/p>\n<h4>\u00fcber 20 Jahre Erfahrung im Handel mit mineralischen Rohstoffen<\/h4>\n<h4>individuelle Beratung<\/h4>\n<h4>qualitativ hochwertige Produkte wie z.B. Kieselgur, Vermiculit, Perlit, Bentonit, Zeolith, Filterhilfsstoffe<\/h4>\n<h4>attraktive Preise, auch bei Lieferung von kleinen Mengen<\/h4>\n<p>[\/vc_column_text][\/vc_column][\/vc_row][vc_row row_type=&#8220;row&#8220; use_row_as_full_screen_section=&#8220;no&#8220; type=&#8220;full_width&#8220; angled_section=&#8220;no&#8220; text_align=&#8220;left&#8220; background_image_as_pattern=&#8220;without_pattern&#8220;][vc_column][vc_empty_space][rev_slider_vc alias=&#8220;classicslider1&#8243;][vc_empty_space][\/vc_column][\/vc_row][vc_row row_type=&#8220;row&#8220; use_row_as_full_screen_section=&#8220;no&#8220; type=&#8220;grid&#8220; anchor=&#8220;wir&#8220; angled_section=&#8220;no&#8220; text_align=&#8220;left&#8220; background_image_as_pattern=&#8220;without_pattern&#8220; background_color=&#8220;#ffffff&#8220; border_color=&#8220;#eeeeee&#8220; padding_top=&#8220;73&#8243; padding_bottom=&#8220;80&#8243; z_index=&#8220;&#8220;][vc_column el_id=&#8220;about-us&#8220;][vc_column_text]<\/p>\n<h2 style=\"text-align: center;\">\u00dcber uns<\/h2>\n<p>[\/vc_column_text][vc_separator type=&#8220;small&#8220; position=&#8220;center&#8220; up=&#8220;20&#8243; down=&#8220;50&#8243;][vc_column_text]<\/p>\n<h4 style=\"text-align: center;\">Die Deutsche Industrie Mineral GmbH wurde im Jahr 2020 als Handelsfirma<br \/>\ngegr\u00fcndet.<\/h4>\n<p>&nbsp;<\/p>\n<h4 style=\"text-align: center;\">Die Firma befasst sich mit dem Handel und Vertrieb von Rohstoffen, Mineralien und Vormischungen f\u00fcr unterschiedliche Industrieanwendungen und Futtermittel.<\/h4>\n<p>&nbsp;<\/p>\n<h4 style=\"text-align: center;\">Wir verstehen uns als Partner der Industrie und wollen unseren Kunden aus einem bestehenden Sortiment von Rohstoffen stets f\u00fcr ihre Anwendung die beste L\u00f6sung zur bestm\u00f6glichen Qualit\u00e4t und konkurrenzf\u00e4higem Preis bieten.<\/h4>\n<p>&nbsp;<\/p>\n<h4 style=\"text-align: center;\">Selbstverst\u00e4ndlich gehen wir auch auf die W\u00fcnsche unserer Kunden ein und beschaffen Ihnen den mineralischen Rohstoff, den Sie suchen.<\/h4>\n<p>[\/vc_column_text][vc_separator type=&#8220;small&#8220; position=&#8220;center&#8220; up=&#8220;40&#8243; down=&#8220;20&#8243;][vc_empty_space height=&#8220;50px&#8220;][\/vc_column][\/vc_row][vc_row row_type=&#8220;row&#8220; use_row_as_full_screen_section=&#8220;no&#8220; type=&#8220;full_width&#8220; anchor=&#8220;produkte&#8220; angled_section=&#8220;no&#8220; text_align=&#8220;left&#8220; background_image_as_pattern=&#8220;without_pattern&#8220; z_index=&#8220;&#8220;][vc_column width=&#8220;1\/6&#8243;][\/vc_column][vc_column width=&#8220;2\/3&#8243; el_id=&#8220;Produkte&#8220;][vc_empty_space][vc_column_text]<\/p>\n<h2 style=\"text-align: center;\">Produkte<\/h2>\n<p>[\/vc_column_text][vc_separator type=&#8220;small&#8220; position=&#8220;center&#8220; up=&#8220;20&#8243; down=&#8220;20&#8243;][vc_single_image image=&#8220;16346&#8243; img_size=&#8220;full&#8220; alignment=&#8220;center&#8220; qode_css_animation=&#8220;&#8220;][vc_empty_space][vc_column_text]<\/p>\n<h2 style=\"text-align: center;\">Das Mineral-Produkt, nach dem Sie suchen<\/h2>\n<p>[\/vc_column_text][vc_separator type=&#8220;small&#8220; position=&#8220;center&#8220; up=&#8220;20&#8243; down=&#8220;82&#8243;][vc_empty_space][vc_empty_space][\/vc_column][vc_column width=&#8220;1\/6&#8243;][\/vc_column][\/vc_row][vc_row row_type=&#8220;row&#8220; use_row_as_full_screen_section=&#8220;no&#8220; type=&#8220;full_width&#8220; anchor=&#8220;kontakte&#8220; angled_section=&#8220;no&#8220; text_align=&#8220;left&#8220; background_image_as_pattern=&#8220;without_pattern&#8220; z_index=&#8220;&#8220;][vc_column width=&#8220;1\/6&#8243; el_id=&#8220;contact&#8220;][\/vc_column][vc_column width=&#8220;2\/3&#8243; el_id=&#8220;kontakt&#8220;][vc_column_text]<\/p>\n<h2 style=\"text-align: center;\">Kontakt<\/h2>\n<p>[\/vc_column_text]\n<div class=\"wpcf7 no-js\" id=\"wpcf7-f16331-o1\" lang=\"de-DE\" dir=\"ltr\">\n<div class=\"screen-reader-response\"><p role=\"status\" aria-live=\"polite\" aria-atomic=\"true\"><\/p> <ul><\/ul><\/div>\n<form action=\"\/index.php\/wp-json\/wp\/v2\/pages\/14495#wpcf7-f16331-o1\" method=\"post\" class=\"wpcf7-form init default\" aria-label=\"Kontaktformular\" novalidate=\"novalidate\" data-status=\"init\">\n<div style=\"display: none;\">\n<input type=\"hidden\" name=\"_wpcf7\" value=\"16331\" \/>\n<input type=\"hidden\" name=\"_wpcf7_version\" value=\"5.9\" \/>\n<input type=\"hidden\" name=\"_wpcf7_locale\" value=\"de_DE\" \/>\n<input type=\"hidden\" name=\"_wpcf7_unit_tag\" value=\"wpcf7-f16331-o1\" \/>\n<input type=\"hidden\" name=\"_wpcf7_container_post\" value=\"0\" \/>\n<input type=\"hidden\" name=\"_wpcf7_posted_data_hash\" value=\"\" \/>\n<\/div>\n<p><label> Name<br \/>\n<span class=\"wpcf7-form-control-wrap\" data-name=\"your-name\"><input size=\"40\" class=\"wpcf7-form-control wpcf7-text wpcf7-validates-as-required\" autocomplete=\"name\" aria-required=\"true\" aria-invalid=\"false\" value=\"\" type=\"text\" name=\"your-name\" \/><\/span> <\/label>\n<\/p>\n<p><label> E-Mail-Adresse<br \/>\n<span class=\"wpcf7-form-control-wrap\" data-name=\"your-email\"><input size=\"40\" class=\"wpcf7-form-control wpcf7-email wpcf7-validates-as-required wpcf7-text wpcf7-validates-as-email\" autocomplete=\"email\" aria-required=\"true\" aria-invalid=\"false\" value=\"\" type=\"email\" name=\"your-email\" \/><\/span> <\/label>\n<\/p>\n<p><label> Betreff<br \/>\n<span class=\"wpcf7-form-control-wrap\" data-name=\"your-subject\"><input size=\"40\" class=\"wpcf7-form-control wpcf7-text wpcf7-validates-as-required\" aria-required=\"true\" aria-invalid=\"false\" value=\"\" type=\"text\" name=\"your-subject\" \/><\/span> <\/label>\n<\/p>\n<p><label>Nachricht (optional)<br \/>\n<span class=\"wpcf7-form-control-wrap\" data-name=\"your-message\"><textarea cols=\"40\" rows=\"10\" class=\"wpcf7-form-control wpcf7-textarea\" aria-invalid=\"false\" name=\"your-message\"><\/textarea><\/span> <\/label>\n<\/p>\n<p><span class=\"wpcf7-form-control-wrap\" data-name=\"acceptance-950\"><span class=\"wpcf7-form-control wpcf7-acceptance\"><span class=\"wpcf7-list-item\"><input type=\"checkbox\" name=\"acceptance-950\" value=\"1\" aria-invalid=\"false\" \/><\/span><\/span><\/span> Bitte Akzeptieren Sie unsere Datenschutzerkl\u00e4rung<br \/>\n<input class=\"wpcf7-form-control wpcf7-submit has-spinner\" type=\"submit\" value=\"Senden\" \/>\n<\/p><div class=\"wpcf7-response-output\" aria-hidden=\"true\"><\/div>\n<\/form>\n<\/div>\n[\/vc_column][vc_column width=&#8220;1\/6&#8243;][\/vc_column][\/vc_row]<\/p>\n<\/div>","protected":false},"excerpt":{"rendered":"<p>[vc_row row_type=&#8220;row&#8220; use_row_as_full_screen_section=&#8220;no&#8220; type=&#8220;full_width&#8220; angled_section=&#8220;no&#8220; text_align=&#8220;left&#8220; background_image_as_pattern=&#8220;without_pattern&#8220;][vc_column width=&#8220;1\/4&#8243; el_id=&#8220;home&#8220;][\/vc_column][vc_column width=&#8220;3\/4&#8243;][vc_column_text][\/vc_column_text][\/vc_column][\/vc_row][vc_row row_type=&#8220;row&#8220; use_row_as_full_screen_section=&#8220;no&#8220; type=&#8220;full_width&#8220; angled_section=&#8220;no&#8220; text_align=&#8220;left&#8220; background_image_as_pattern=&#8220;without_pattern&#8220;][vc_column width=&#8220;1\/4&#8243;][vc_column_text] Das bieten wir [\/vc_column_text][vc_separator type=&#8220;small&#8220; position=&#8220;center&#8220; up=&#8220;20&#8243; down=&#8220;20&#8243;][\/vc_column][vc_column width=&#8220;3\/4&#8243;][vc_column_text] \u00fcber 20 Jahre Erfahrung im Handel mit mineralischen Rohstoffen individuelle Beratung qualitativ hochwertige Produkte wie z.B. Kieselgur, Vermiculit, Perlit,&#8230;<\/p>\n","protected":false},"author":1,"featured_media":0,"parent":0,"menu_order":0,"comment_status":"closed","ping_status":"closed","template":"","meta":{"footnotes":""},"_links":{"self":[{"href":"https:\/\/di-mineral.de\/index.php\/wp-json\/wp\/v2\/pages\/14495"}],"collection":[{"href":"https:\/\/di-mineral.de\/index.php\/wp-json\/wp\/v2\/pages"}],"about":[{"href":"https:\/\/di-mineral.de\/index.php\/wp-json\/wp\/v2\/types\/page"}],"author":[{"embeddable":true,"href":"https:\/\/di-mineral.de\/index.php\/wp-json\/wp\/v2\/users\/1"}],"replies":[{"embeddable":true,"href":"https:\/\/di-mineral.de\/index.php\/wp-json\/wp\/v2\/comments?post=14495"}],"version-history":[{"count":44,"href":"https:\/\/di-mineral.de\/index.php\/wp-json\/wp\/v2\/pages\/14495\/revisions"}],"predecessor-version":[{"id":16350,"href":"https:\/\/di-mineral.de\/index.php\/wp-json\/wp\/v2\/pages\/14495\/revisions\/16350"}],"wp:attachment":[{"href":"https:\/\/di-mineral.de\/index.php\/wp-json\/wp\/v2\/media?parent=14495"}],"curies":[{"name":"wp","href":"https:\/\/api.w.org\/{rel}","templated":true}]}}